{"id":36,"date":"2024-12-01T15:23:50","date_gmt":"2024-12-01T15:23:50","guid":{"rendered":"https:\/\/www.dachmasters.com.pl\/?page_id=36"},"modified":"2026-02-27T18:53:10","modified_gmt":"2026-02-27T18:53:10","slug":"dodatkowe-uslugi","status":"publish","type":"page","link":"https:\/\/www.dachmasters.com.pl\/index.php\/dodatkowe-uslugi\/","title":{"rendered":"Dodatkowe us\u0142ugi"},"content":{"rendered":"\t\t<div data-elementor-type=\"wp-page\" data-elementor-id=\"36\" class=\"elementor elementor-36\">\n\t\t\t\t<div class=\"elementor-element elementor-element-196256f3 e-flex e-con-boxed e-con e-parent\" data-id=\"196256f3\" data-element_type=\"container\" data-e-type=\"container\">\n\t\t\t\t\t<div class=\"e-con-inner\">\n\t\t\t\t<div class=\"elementor-element elementor-element-68214d elementor-widget elementor-widget-text-editor\" data-id=\"68214d\" data-element_type=\"widget\" data-e-type=\"widget\" data-widget_type=\"text-editor.default\">\n\t\t\t\t<div class=\"elementor-widget-container\">\n\t\t\t\t\t\t\t\t\t\n<p><strong>Dodatkowe us\u0142ugi \u2013 DachMasters<\/strong><\/p>\n\n<p>Opr\u00f3cz mycia i malowania dach\u00f3w, oferujemy r\u00f3wnie\u017c szeroki zakres us\u0142ug piel\u0119gnacyjnych i czyszcz\u0105cych dla Twojej posesji, w tym:<\/p>\n<ul>\n<li><strong><strong>Mycie i malowanie elewacji \u2013\u00a0<\/strong><\/strong>Profesjonalne zabezpieczona elewacja, nie tylko odzyska \u015bwie\u017cy wygl\u0105d, ale przede wszystkim przed\u0142u\u017cy \u017cywotno\u015b\u0107 i ochroni j\u0105 na lata.<\/li>\n<li><strong>Czyszczenie rynien\u00a0\u2013<\/strong> Skutecznie usuwamy zanieczyszczenia,\u00a0zapewniaj\u0105c prawid\u0142owy odp\u0142yw wody i ochron\u0119 elewacji przez wilgoci\u0105.\u00a0<\/li>\n<li><strong>Specjalistyczne prace wysoko\u015bciowe\u00a0\u2013<\/strong>Bezpiecznie realizujemy prace w trudno dost\u0119pnych miejscach, z u\u017cyciem profesjonalnego sprz\u0119tu.<\/li>\n<li><strong>Uszczelnianie komin\u00f3w \u2013<\/strong> Profesjonalne uszczelnianie komin\u00f3w, kt\u00f3re zapobiega przeciekom i poprawia bezpiecze\u0144stwo.<\/li>\n<li><strong>Mycie kostki brukowej \u2013<\/strong> Skuteczne czyszczenie kostki brukowej, przywracaj\u0105ce jej estetyczny wygl\u0105d oraz poprawiaj\u0105ce bezpiecze\u0144stwo na podjazdach i chodnikach.<\/li>\n<li><strong>Mycie ogrodze\u0144 \u2013<\/strong> Usuwanie zabrudze\u0144 i zanieczyszcze\u0144 z ogrodze\u0144, niezale\u017cnie od materia\u0142u, z jakiego zosta\u0142y wykonane.<\/li>\n<li><strong>Mycie bram gara\u017cowych \u2013<\/strong> Dok\u0142adne mycie bram gara\u017cowych, kt\u00f3re przywraca im estetyczny wygl\u0105d oraz usuwa osady i zanieczyszczenia.<\/li>\n<li><strong>Mycie \u015bwietlik\u00f3w \u2013<\/strong> Czyszczenie \u015bwietlik\u00f3w, poprawiaj\u0105ce do\u015bwietlenie wn\u0119trz oraz estetyk\u0119 budynku.<\/li>\n<li><strong>Utrzymanie teren\u00f3w zielonych \u2013<\/strong> Us\u0142ugi piel\u0119gnacyjne, takie jak koszenie trawnika, przycinanie krzew\u00f3w i piel\u0119gnacja rabat, kt\u00f3re zapewniaj\u0105 pi\u0119kny wygl\u0105d przestrzeni wok\u00f3\u0142 domu.<\/li>\n<li><strong>Zimowe od\u015bnie\u017canie \u2013<\/strong> Zim\u0105 oferujemy kompleksowe us\u0142ugi od\u015bnie\u017cania dach\u00f3w, chodnik\u00f3w, podjazd\u00f3w oraz innych powierzchni, zapewniaj\u0105c bezpiecze\u0144stwo i porz\u0105dek na Twojej posesji.<\/li>\n<\/ul>\n\n<ul class=\"wp-block-list\"><\/ul>\n\n<ul class=\"wp-block-list\"><\/ul>\n\n<ul class=\"wp-block-list\"><\/ul>\n\n<ul class=\"wp-block-list\"><\/ul>\n\n<ul class=\"wp-block-list\"><\/ul>\n\n<ul class=\"wp-block-list\"><\/ul>\n\n<ul class=\"wp-block-list\"><\/ul>\n\n<p><strong>Skontaktuj si\u0119 z nami, aby uzyska\u0107 wi\u0119cej informacji lub indywidualn\u0105 wycen\u0119 naszych us\u0142ug!<\/strong><\/p>\n\t\t\t\t\t\t\t\t<\/div>\n\t\t\t\t<\/div>\n\t\t\t\t\t<\/div>\n\t\t\t\t<\/div>\n\t\t\t\t<\/div>\n\t\t","protected":false},"excerpt":{"rendered":"<p>Dodatkowe us\u0142ugi \u2013 DachMasters Opr\u00f3cz mycia i malowania dach\u00f3w, oferujemy r\u00f3wnie\u017c szeroki zakres us\u0142ug piel\u0119gnacyjnych i czyszcz\u0105cych dla Twojej posesji, w tym: Mycie i malowanie &hellip;<\/p>\n","protected":false},"author":1,"featured_media":0,"parent":0,"menu_order":0,"comment_status":"closed","ping_status":"closed","template":"","meta":{"footnotes":""},"class_list":["post-36","page","type-page","status-publish","hentry"],"yoast_head":"<!-- This site is optimized with the Yoast SEO plugin v27.6 - https:\/\/yoast.com\/product\/yoast-seo-wordpress\/ -->\n<title>Dodatkowe us\u0142ugi - DachMasters: Mycie i Malowanie Dach&oacute;w oraz Elewacji<\/title>\n<meta name=\"robots\" content=\"index, follow, max-snippet:-1, max-image-preview:large, max-video-preview:-1\" \/>\n<link rel=\"canonical\" href=\"https:\/\/www.dachmasters.com.pl\/index.php\/dodatkowe-uslugi\/\" \/>\n<meta property=\"og:locale\" content=\"pl_PL\" \/>\n<meta property=\"og:type\" content=\"article\" \/>\n<meta property=\"og:title\" content=\"Dodatkowe us\u0142ugi - DachMasters: Mycie i Malowanie Dach&oacute;w oraz Elewacji\" \/>\n<meta property=\"og:description\" content=\"Dodatkowe us\u0142ugi \u2013 DachMasters Opr\u00f3cz mycia i malowania dach\u00f3w, oferujemy r\u00f3wnie\u017c szeroki zakres us\u0142ug piel\u0119gnacyjnych i czyszcz\u0105cych dla Twojej posesji, w tym: Mycie i malowanie &hellip;\" \/>\n<meta property=\"og:url\" content=\"https:\/\/www.dachmasters.com.pl\/index.php\/dodatkowe-uslugi\/\" \/>\n<meta property=\"og:site_name\" content=\"DachMasters: Mycie i Malowanie Dach&oacute;w oraz Elewacji\" \/>\n<meta property=\"article:publisher\" content=\"https:\/\/www.facebook.com\/people\/DachMasters-Mycie-Malowanie-Dachw\/61569275212148\/\" \/>\n<meta property=\"article:modified_time\" content=\"2026-02-27T18:53:10+00:00\" \/>\n<meta name=\"twitter:card\" content=\"summary_large_image\" \/>\n<meta name=\"twitter:label1\" content=\"Szacowany czas czytania\" \/>\n\t<meta name=\"twitter:data1\" content=\"1 minuta\" \/>\n<script type=\"application\/ld+json\" class=\"yoast-schema-graph\">{\"@context\":\"https:\\\/\\\/schema.org\",\"@graph\":[{\"@type\":\"WebPage\",\"@id\":\"https:\\\/\\\/www.dachmasters.com.pl\\\/index.php\\\/dodatkowe-uslugi\\\/\",\"url\":\"https:\\\/\\\/www.dachmasters.com.pl\\\/index.php\\\/dodatkowe-uslugi\\\/\",\"name\":\"Dodatkowe us\u0142ugi - DachMasters: Mycie i Malowanie Dach&oacute;w oraz Elewacji\",\"isPartOf\":{\"@id\":\"http:\\\/\\\/www.dachmasters.com.pl\\\/#website\"},\"datePublished\":\"2024-12-01T15:23:50+00:00\",\"dateModified\":\"2026-02-27T18:53:10+00:00\",\"breadcrumb\":{\"@id\":\"https:\\\/\\\/www.dachmasters.com.pl\\\/index.php\\\/dodatkowe-uslugi\\\/#breadcrumb\"},\"inLanguage\":\"pl-PL\",\"potentialAction\":[{\"@type\":\"ReadAction\",\"target\":[\"https:\\\/\\\/www.dachmasters.com.pl\\\/index.php\\\/dodatkowe-uslugi\\\/\"]}]},{\"@type\":\"BreadcrumbList\",\"@id\":\"https:\\\/\\\/www.dachmasters.com.pl\\\/index.php\\\/dodatkowe-uslugi\\\/#breadcrumb\",\"itemListElement\":[{\"@type\":\"ListItem\",\"position\":1,\"name\":\"Strona g\u0142\u00f3wna\",\"item\":\"http:\\\/\\\/www.dachmasters.com.pl\\\/\"},{\"@type\":\"ListItem\",\"position\":2,\"name\":\"Dodatkowe us\u0142ugi\"}]},{\"@type\":\"WebSite\",\"@id\":\"http:\\\/\\\/www.dachmasters.com.pl\\\/#website\",\"url\":\"http:\\\/\\\/www.dachmasters.com.pl\\\/\",\"name\":\"DachMasters: Mycie i Malowanie Dach\u00f3w oraz Elewacji\",\"description\":\"\",\"potentialAction\":[{\"@type\":\"SearchAction\",\"target\":{\"@type\":\"EntryPoint\",\"urlTemplate\":\"http:\\\/\\\/www.dachmasters.com.pl\\\/?s={search_term_string}\"},\"query-input\":{\"@type\":\"PropertyValueSpecification\",\"valueRequired\":true,\"valueName\":\"search_term_string\"}}],\"inLanguage\":\"pl-PL\"}]}<\/script>\n<!-- \/ Yoast SEO plugin. -->","yoast_head_json":{"title":"Dodatkowe us\u0142ugi - DachMasters: Mycie i Malowanie Dach&oacute;w oraz Elewacji","robots":{"index":"index","follow":"follow","max-snippet":"max-snippet:-1","max-image-preview":"max-image-preview:large","max-video-preview":"max-video-preview:-1"},"canonical":"https:\/\/www.dachmasters.com.pl\/index.php\/dodatkowe-uslugi\/","og_locale":"pl_PL","og_type":"article","og_title":"Dodatkowe us\u0142ugi - DachMasters: Mycie i Malowanie Dach&oacute;w oraz Elewacji","og_description":"Dodatkowe us\u0142ugi \u2013 DachMasters Opr\u00f3cz mycia i malowania dach\u00f3w, oferujemy r\u00f3wnie\u017c szeroki zakres us\u0142ug piel\u0119gnacyjnych i czyszcz\u0105cych dla Twojej posesji, w tym: Mycie i malowanie &hellip;","og_url":"https:\/\/www.dachmasters.com.pl\/index.php\/dodatkowe-uslugi\/","og_site_name":"DachMasters: Mycie i Malowanie Dach&oacute;w oraz Elewacji","article_publisher":"https:\/\/www.facebook.com\/people\/DachMasters-Mycie-Malowanie-Dachw\/61569275212148\/","article_modified_time":"2026-02-27T18:53:10+00:00","twitter_card":"summary_large_image","twitter_misc":{"Szacowany czas czytania":"1 minuta"},"schema":{"@context":"https:\/\/schema.org","@graph":[{"@type":"WebPage","@id":"https:\/\/www.dachmasters.com.pl\/index.php\/dodatkowe-uslugi\/","url":"https:\/\/www.dachmasters.com.pl\/index.php\/dodatkowe-uslugi\/","name":"Dodatkowe us\u0142ugi - DachMasters: Mycie i Malowanie Dach&oacute;w oraz Elewacji","isPartOf":{"@id":"http:\/\/www.dachmasters.com.pl\/#website"},"datePublished":"2024-12-01T15:23:50+00:00","dateModified":"2026-02-27T18:53:10+00:00","breadcrumb":{"@id":"https:\/\/www.dachmasters.com.pl\/index.php\/dodatkowe-uslugi\/#breadcrumb"},"inLanguage":"pl-PL","potentialAction":[{"@type":"ReadAction","target":["https:\/\/www.dachmasters.com.pl\/index.php\/dodatkowe-uslugi\/"]}]},{"@type":"BreadcrumbList","@id":"https:\/\/www.dachmasters.com.pl\/index.php\/dodatkowe-uslugi\/#breadcrumb","itemListElement":[{"@type":"ListItem","position":1,"name":"Strona g\u0142\u00f3wna","item":"http:\/\/www.dachmasters.com.pl\/"},{"@type":"ListItem","position":2,"name":"Dodatkowe us\u0142ugi"}]},{"@type":"WebSite","@id":"http:\/\/www.dachmasters.com.pl\/#website","url":"http:\/\/www.dachmasters.com.pl\/","name":"DachMasters: Mycie i Malowanie Dach\u00f3w oraz Elewacji","description":"","potentialAction":[{"@type":"SearchAction","target":{"@type":"EntryPoint","urlTemplate":"http:\/\/www.dachmasters.com.pl\/?s={search_term_string}"},"query-input":{"@type":"PropertyValueSpecification","valueRequired":true,"valueName":"search_term_string"}}],"inLanguage":"pl-PL"}]}},"_links":{"self":[{"href":"https:\/\/www.dachmasters.com.pl\/index.php\/wp-json\/wp\/v2\/pages\/36","targetHints":{"allow":["GET"]}}],"collection":[{"href":"https:\/\/www.dachmasters.com.pl\/index.php\/wp-json\/wp\/v2\/pages"}],"about":[{"href":"https:\/\/www.dachmasters.com.pl\/index.php\/wp-json\/wp\/v2\/types\/page"}],"author":[{"embeddable":true,"href":"https:\/\/www.dachmasters.com.pl\/index.php\/wp-json\/wp\/v2\/users\/1"}],"replies":[{"embeddable":true,"href":"https:\/\/www.dachmasters.com.pl\/index.php\/wp-json\/wp\/v2\/comments?post=36"}],"version-history":[{"count":13,"href":"https:\/\/www.dachmasters.com.pl\/index.php\/wp-json\/wp\/v2\/pages\/36\/revisions"}],"predecessor-version":[{"id":251,"href":"https:\/\/www.dachmasters.com.pl\/index.php\/wp-json\/wp\/v2\/pages\/36\/revisions\/251"}],"wp:attachment":[{"href":"https:\/\/www.dachmasters.com.pl\/index.php\/wp-json\/wp\/v2\/media?parent=36"}],"curies":[{"name":"wp","href":"https:\/\/api.w.org\/{rel}","templated":true}]}}