{"id":26,"date":"2024-12-01T15:15:30","date_gmt":"2024-12-01T15:15:30","guid":{"rendered":"https:\/\/www.dachmasters.com.pl\/?page_id=26"},"modified":"2026-02-27T19:05:30","modified_gmt":"2026-02-27T19:05:30","slug":"o-nas","status":"publish","type":"page","link":"https:\/\/www.dachmasters.com.pl\/index.php\/o-nas\/","title":{"rendered":"O nas"},"content":{"rendered":"\t\t<div data-elementor-type=\"wp-page\" data-elementor-id=\"26\" class=\"elementor elementor-26\">\n\t\t\t\t<div class=\"elementor-element elementor-element-7ac5ba70 e-flex e-con-boxed e-con e-parent\" data-id=\"7ac5ba70\" data-element_type=\"container\" data-e-type=\"container\">\n\t\t\t\t\t<div class=\"e-con-inner\">\n\t\t\t\t<div class=\"elementor-element elementor-element-bf7b60b elementor-widget elementor-widget-text-editor\" data-id=\"bf7b60b\" data-element_type=\"widget\" data-e-type=\"widget\" data-widget_type=\"text-editor.default\">\n\t\t\t\t<div class=\"elementor-widget-container\">\n\t\t\t\t\t\t\t\t\t\n<p><strong>DachMasters \u2013 Profesjonali\u015bci w myciu i malowaniu dach\u00f3w<\/strong><\/p>\n\n\n\n<p>DachMasters to firma, kt\u00f3ra specjalizuje si\u0119 w kompleksowych us\u0142ugach mycia i malowania dach\u00f3w. Dzi\u0119ki wieloletniemu do\u015bwiadczeniu oraz u\u017cyciu nowoczesnych technologii, oferujemy naszym klientom najwy\u017csz\u0105 jako\u015b\u0107 us\u0142ug, kt\u00f3re nie tylko poprawiaj\u0105 estetyk\u0119 dachu, ale tak\u017ce wyd\u0142u\u017caj\u0105 jego \u017cywotno\u015b\u0107.<\/p>\n\n\n\n<p>Nasza oferta obejmuje dok\u0142adne i skuteczne czyszczenie wszelkiego rodzaju dach\u00f3w \u2013 od dach\u00f3w p\u0142askich po spadziste, wykonanych z r\u00f3\u017cnych materia\u0142\u00f3w. Ponadto, zapewniamy profesjonalne malowanie dach\u00f3w, kt\u00f3re zabezpiecza je przed szkodliwym dzia\u0142aniem warunk\u00f3w atmosferycznych, takich jak deszcz, \u015bnieg czy s\u0142o\u0144ce. Dzi\u0119ki naszym us\u0142ugom, Pa\u0144stwa dach zyska nowy, estetyczny wygl\u0105d i b\u0119dzie w pe\u0142ni zabezpieczony na d\u0142ugie lata.<\/p>\n\n\n\n<p>W DachMasters dbamy o najwy\u017csze standardy jako\u015bci i bezpiecze\u0144stwa. Ka\u017cde zlecenie traktujemy indywidualnie, dobieraj\u0105c odpowiednie metody oraz \u015brodki, by zapewni\u0107 satysfakcj\u0119 naszych klient\u00f3w.<\/p>\n\n\n\n<p>Zaufaj fachowcom i daj swojemu dachowi drugie \u017cycie!<\/p>\n\t\t\t\t\t\t\t\t<\/div>\n\t\t\t\t<\/div>\n\t\t\t\t\t<\/div>\n\t\t\t\t<\/div>\n\t\t<div class=\"elementor-element elementor-element-985c8ab e-flex e-con-boxed e-con e-parent\" data-id=\"985c8ab\" data-element_type=\"container\" data-e-type=\"container\">\n\t\t\t\t\t<div class=\"e-con-inner\">\n\t\t\t\t<div class=\"elementor-element elementor-element-cb57503 elementor-widget elementor-widget-image\" data-id=\"cb57503\" data-element_type=\"widget\" data-e-type=\"widget\" data-widget_type=\"image.default\">\n\t\t\t\t<div class=\"elementor-widget-container\">\n\t\t\t\t\t\t\t\t\t\t\t\t\t\t\t<img fetchpriority=\"high\" decoding=\"async\" width=\"683\" height=\"1024\" src=\"https:\/\/www.dachmasters.com.pl\/wp-content\/uploads\/2026\/02\/unnamed-683x1024.jpg\" class=\"attachment-large size-large wp-image-100\" alt=\"\" srcset=\"https:\/\/www.dachmasters.com.pl\/wp-content\/uploads\/2026\/02\/unnamed-683x1024.jpg 683w, https:\/\/www.dachmasters.com.pl\/wp-content\/uploads\/2026\/02\/unnamed-200x300.jpg 200w, https:\/\/www.dachmasters.com.pl\/wp-content\/uploads\/2026\/02\/unnamed-768x1152.jpg 768w, https:\/\/www.dachmasters.com.pl\/wp-content\/uploads\/2026\/02\/unnamed.jpg 1024w\" sizes=\"(max-width: 683px) 100vw, 683px\" \/>\t\t\t\t\t\t\t\t\t\t\t\t\t\t\t<\/div>\n\t\t\t\t<\/div>\n\t\t\t\t\t<\/div>\n\t\t\t\t<\/div>\n\t\t<div class=\"elementor-element elementor-element-7c0e1c8 e-flex e-con-boxed e-con e-parent\" data-id=\"7c0e1c8\" data-element_type=\"container\" data-e-type=\"container\">\n\t\t\t\t\t<div class=\"e-con-inner\">\n\t\t\t\t<div class=\"elementor-element elementor-element-0a858c0 elementor-widget elementor-widget-text-editor\" data-id=\"0a858c0\" data-element_type=\"widget\" data-e-type=\"widget\" data-widget_type=\"text-editor.default\">\n\t\t\t\t<div class=\"elementor-widget-container\">\n\t\t\t\t\t\t\t\t\t<h2 style=\"text-align: center;\"><strong>Cyryl Filipi\u0144ski<\/strong><\/h2>\n<h4 style=\"text-align: center;\"><em>&#8222;Profesjonalnie odnawiam dachy i elewacje,\u00a0<\/em><i>przywracaj\u0105c im estetyk\u0119 i trwa\u0142o\u015b\u0107 na lata&#8221;\u00a0<\/i><\/h4>\t\t\t\t\t\t\t\t<\/div>\n\t\t\t\t<\/div>\n\t\t\t\t\t<\/div>\n\t\t\t\t<\/div>\n\t\t\t\t<\/div>\n\t\t","protected":false},"excerpt":{"rendered":"<p>DachMasters \u2013 Profesjonali\u015bci w myciu i malowaniu dach\u00f3w DachMasters to firma, kt\u00f3ra specjalizuje si\u0119 w kompleksowych us\u0142ugach mycia i malowania dach\u00f3w. Dzi\u0119ki wieloletniemu do\u015bwiadczeniu oraz &hellip;<\/p>\n","protected":false},"author":1,"featured_media":0,"parent":0,"menu_order":0,"comment_status":"closed","ping_status":"closed","template":"","meta":{"footnotes":""},"class_list":["post-26","page","type-page","status-publish","hentry"],"yoast_head":"<!-- This site is optimized with the Yoast SEO plugin v27.5 - https:\/\/yoast.com\/product\/yoast-seo-wordpress\/ -->\n<title>O nas - DachMasters: Mycie i Malowanie Dach&oacute;w oraz Elewacji<\/title>\n<meta name=\"robots\" content=\"index, follow, max-snippet:-1, max-image-preview:large, max-video-preview:-1\" \/>\n<link rel=\"canonical\" href=\"https:\/\/www.dachmasters.com.pl\/index.php\/o-nas\/\" \/>\n<meta property=\"og:locale\" content=\"pl_PL\" \/>\n<meta property=\"og:type\" content=\"article\" \/>\n<meta property=\"og:title\" content=\"O nas - DachMasters: Mycie i Malowanie Dach&oacute;w oraz Elewacji\" \/>\n<meta property=\"og:description\" content=\"DachMasters \u2013 Profesjonali\u015bci w myciu i malowaniu dach\u00f3w DachMasters to firma, kt\u00f3ra specjalizuje si\u0119 w kompleksowych us\u0142ugach mycia i malowania dach\u00f3w. Dzi\u0119ki wieloletniemu do\u015bwiadczeniu oraz &hellip;\" \/>\n<meta property=\"og:url\" content=\"https:\/\/www.dachmasters.com.pl\/index.php\/o-nas\/\" \/>\n<meta property=\"og:site_name\" content=\"DachMasters: Mycie i Malowanie Dach&oacute;w oraz Elewacji\" \/>\n<meta property=\"article:publisher\" content=\"https:\/\/www.facebook.com\/people\/DachMasters-Mycie-Malowanie-Dachw\/61569275212148\/\" \/>\n<meta property=\"article:modified_time\" content=\"2026-02-27T19:05:30+00:00\" \/>\n<meta property=\"og:image\" content=\"http:\/\/www.dachmasters.com.pl\/wp-content\/uploads\/2026\/02\/unnamed-683x1024.jpg\" \/>\n<meta name=\"twitter:card\" content=\"summary_large_image\" \/>\n<meta name=\"twitter:label1\" content=\"Szacowany czas czytania\" \/>\n\t<meta name=\"twitter:data1\" content=\"1 minuta\" \/>\n<script type=\"application\/ld+json\" class=\"yoast-schema-graph\">{\"@context\":\"https:\\\/\\\/schema.org\",\"@graph\":[{\"@type\":\"WebPage\",\"@id\":\"https:\\\/\\\/www.dachmasters.com.pl\\\/index.php\\\/o-nas\\\/\",\"url\":\"https:\\\/\\\/www.dachmasters.com.pl\\\/index.php\\\/o-nas\\\/\",\"name\":\"O nas - DachMasters: Mycie i Malowanie Dach&oacute;w oraz Elewacji\",\"isPartOf\":{\"@id\":\"https:\\\/\\\/www.dachmasters.com.pl\\\/#website\"},\"primaryImageOfPage\":{\"@id\":\"https:\\\/\\\/www.dachmasters.com.pl\\\/index.php\\\/o-nas\\\/#primaryimage\"},\"image\":{\"@id\":\"https:\\\/\\\/www.dachmasters.com.pl\\\/index.php\\\/o-nas\\\/#primaryimage\"},\"thumbnailUrl\":\"http:\\\/\\\/www.dachmasters.com.pl\\\/wp-content\\\/uploads\\\/2026\\\/02\\\/unnamed-683x1024.jpg\",\"datePublished\":\"2024-12-01T15:15:30+00:00\",\"dateModified\":\"2026-02-27T19:05:30+00:00\",\"breadcrumb\":{\"@id\":\"https:\\\/\\\/www.dachmasters.com.pl\\\/index.php\\\/o-nas\\\/#breadcrumb\"},\"inLanguage\":\"pl-PL\",\"potentialAction\":[{\"@type\":\"ReadAction\",\"target\":[\"https:\\\/\\\/www.dachmasters.com.pl\\\/index.php\\\/o-nas\\\/\"]}]},{\"@type\":\"ImageObject\",\"inLanguage\":\"pl-PL\",\"@id\":\"https:\\\/\\\/www.dachmasters.com.pl\\\/index.php\\\/o-nas\\\/#primaryimage\",\"url\":\"https:\\\/\\\/www.dachmasters.com.pl\\\/wp-content\\\/uploads\\\/2026\\\/02\\\/unnamed.jpg\",\"contentUrl\":\"https:\\\/\\\/www.dachmasters.com.pl\\\/wp-content\\\/uploads\\\/2026\\\/02\\\/unnamed.jpg\",\"width\":1024,\"height\":1536},{\"@type\":\"BreadcrumbList\",\"@id\":\"https:\\\/\\\/www.dachmasters.com.pl\\\/index.php\\\/o-nas\\\/#breadcrumb\",\"itemListElement\":[{\"@type\":\"ListItem\",\"position\":1,\"name\":\"Strona g\u0142\u00f3wna\",\"item\":\"http:\\\/\\\/www.dachmasters.com.pl\\\/\"},{\"@type\":\"ListItem\",\"position\":2,\"name\":\"O nas\"}]},{\"@type\":\"WebSite\",\"@id\":\"https:\\\/\\\/www.dachmasters.com.pl\\\/#website\",\"url\":\"https:\\\/\\\/www.dachmasters.com.pl\\\/\",\"name\":\"DachMasters: Mycie i Malowanie Dach\u00f3w oraz Elewacji\",\"description\":\"\",\"potentialAction\":[{\"@type\":\"SearchAction\",\"target\":{\"@type\":\"EntryPoint\",\"urlTemplate\":\"https:\\\/\\\/www.dachmasters.com.pl\\\/?s={search_term_string}\"},\"query-input\":{\"@type\":\"PropertyValueSpecification\",\"valueRequired\":true,\"valueName\":\"search_term_string\"}}],\"inLanguage\":\"pl-PL\"}]}<\/script>\n<!-- \/ Yoast SEO plugin. -->","yoast_head_json":{"title":"O nas - DachMasters: Mycie i Malowanie Dach&oacute;w oraz Elewacji","robots":{"index":"index","follow":"follow","max-snippet":"max-snippet:-1","max-image-preview":"max-image-preview:large","max-video-preview":"max-video-preview:-1"},"canonical":"https:\/\/www.dachmasters.com.pl\/index.php\/o-nas\/","og_locale":"pl_PL","og_type":"article","og_title":"O nas - DachMasters: Mycie i Malowanie Dach&oacute;w oraz Elewacji","og_description":"DachMasters \u2013 Profesjonali\u015bci w myciu i malowaniu dach\u00f3w DachMasters to firma, kt\u00f3ra specjalizuje si\u0119 w kompleksowych us\u0142ugach mycia i malowania dach\u00f3w. Dzi\u0119ki wieloletniemu do\u015bwiadczeniu oraz &hellip;","og_url":"https:\/\/www.dachmasters.com.pl\/index.php\/o-nas\/","og_site_name":"DachMasters: Mycie i Malowanie Dach&oacute;w oraz Elewacji","article_publisher":"https:\/\/www.facebook.com\/people\/DachMasters-Mycie-Malowanie-Dachw\/61569275212148\/","article_modified_time":"2026-02-27T19:05:30+00:00","og_image":[{"url":"http:\/\/www.dachmasters.com.pl\/wp-content\/uploads\/2026\/02\/unnamed-683x1024.jpg","type":"","width":"","height":""}],"twitter_card":"summary_large_image","twitter_misc":{"Szacowany czas czytania":"1 minuta"},"schema":{"@context":"https:\/\/schema.org","@graph":[{"@type":"WebPage","@id":"https:\/\/www.dachmasters.com.pl\/index.php\/o-nas\/","url":"https:\/\/www.dachmasters.com.pl\/index.php\/o-nas\/","name":"O nas - DachMasters: Mycie i Malowanie Dach&oacute;w oraz Elewacji","isPartOf":{"@id":"https:\/\/www.dachmasters.com.pl\/#website"},"primaryImageOfPage":{"@id":"https:\/\/www.dachmasters.com.pl\/index.php\/o-nas\/#primaryimage"},"image":{"@id":"https:\/\/www.dachmasters.com.pl\/index.php\/o-nas\/#primaryimage"},"thumbnailUrl":"http:\/\/www.dachmasters.com.pl\/wp-content\/uploads\/2026\/02\/unnamed-683x1024.jpg","datePublished":"2024-12-01T15:15:30+00:00","dateModified":"2026-02-27T19:05:30+00:00","breadcrumb":{"@id":"https:\/\/www.dachmasters.com.pl\/index.php\/o-nas\/#breadcrumb"},"inLanguage":"pl-PL","potentialAction":[{"@type":"ReadAction","target":["https:\/\/www.dachmasters.com.pl\/index.php\/o-nas\/"]}]},{"@type":"ImageObject","inLanguage":"pl-PL","@id":"https:\/\/www.dachmasters.com.pl\/index.php\/o-nas\/#primaryimage","url":"https:\/\/www.dachmasters.com.pl\/wp-content\/uploads\/2026\/02\/unnamed.jpg","contentUrl":"https:\/\/www.dachmasters.com.pl\/wp-content\/uploads\/2026\/02\/unnamed.jpg","width":1024,"height":1536},{"@type":"BreadcrumbList","@id":"https:\/\/www.dachmasters.com.pl\/index.php\/o-nas\/#breadcrumb","itemListElement":[{"@type":"ListItem","position":1,"name":"Strona g\u0142\u00f3wna","item":"http:\/\/www.dachmasters.com.pl\/"},{"@type":"ListItem","position":2,"name":"O nas"}]},{"@type":"WebSite","@id":"https:\/\/www.dachmasters.com.pl\/#website","url":"https:\/\/www.dachmasters.com.pl\/","name":"DachMasters: Mycie i Malowanie Dach\u00f3w oraz Elewacji","description":"","potentialAction":[{"@type":"SearchAction","target":{"@type":"EntryPoint","urlTemplate":"https:\/\/www.dachmasters.com.pl\/?s={search_term_string}"},"query-input":{"@type":"PropertyValueSpecification","valueRequired":true,"valueName":"search_term_string"}}],"inLanguage":"pl-PL"}]}},"_links":{"self":[{"href":"https:\/\/www.dachmasters.com.pl\/index.php\/wp-json\/wp\/v2\/pages\/26","targetHints":{"allow":["GET"]}}],"collection":[{"href":"https:\/\/www.dachmasters.com.pl\/index.php\/wp-json\/wp\/v2\/pages"}],"about":[{"href":"https:\/\/www.dachmasters.com.pl\/index.php\/wp-json\/wp\/v2\/types\/page"}],"author":[{"embeddable":true,"href":"https:\/\/www.dachmasters.com.pl\/index.php\/wp-json\/wp\/v2\/users\/1"}],"replies":[{"embeddable":true,"href":"https:\/\/www.dachmasters.com.pl\/index.php\/wp-json\/wp\/v2\/comments?post=26"}],"version-history":[{"count":8,"href":"https:\/\/www.dachmasters.com.pl\/index.php\/wp-json\/wp\/v2\/pages\/26\/revisions"}],"predecessor-version":[{"id":260,"href":"https:\/\/www.dachmasters.com.pl\/index.php\/wp-json\/wp\/v2\/pages\/26\/revisions\/260"}],"wp:attachment":[{"href":"https:\/\/www.dachmasters.com.pl\/index.php\/wp-json\/wp\/v2\/media?parent=26"}],"curies":[{"name":"wp","href":"https:\/\/api.w.org\/{rel}","templated":true}]}}